{"id":12,"date":"2025-03-04T14:18:22","date_gmt":"2025-03-04T14:18:22","guid":{"rendered":"https:\/\/mc-plainlinde.wisto.cc\/?page_id=12"},"modified":"2026-01-14T11:52:16","modified_gmt":"2026-01-14T11:52:16","slug":"home","status":"publish","type":"page","link":"https:\/\/www.mc-plainlinde.at\/","title":{"rendered":"home"},"content":{"rendered":"\t\t<div data-elementor-type=\"wp-page\" data-elementor-id=\"12\" class=\"elementor elementor-12\" data-elementor-post-type=\"page\">\n\t\t\t\t\t\t<section class=\"elementor-section elementor-top-section elementor-element elementor-element-574cd01 elementor-section-height-min-height elementor-section-boxed elementor-section-height-default elementor-section-items-middle\" data-id=\"574cd01\" data-element_type=\"section\" data-settings=\"{&quot;background_background&quot;:&quot;classic&quot;}\">\n\t\t\t\t\t\t\t<div class=\"elementor-background-overlay\"><\/div>\n\t\t\t\t\t\t\t<div class=\"elementor-container elementor-column-gap-default\">\n\t\t\t\t\t<div class=\"elementor-column elementor-col-100 elementor-top-column elementor-element elementor-element-924bdaf animated-slow elementor-invisible\" data-id=\"924bdaf\" data-element_type=\"column\" data-settings=\"{&quot;animation&quot;:&quot;fadeInRight&quot;}\">\n\t\t\t<div class=\"elementor-widget-wrap elementor-element-populated\">\n\t\t\t\t\t\t<div class=\"elementor-element elementor-element-49b9256 elementor-widget elementor-widget-heading\" data-id=\"49b9256\" data-element_type=\"widget\" data-widget_type=\"heading.default\">\n\t\t\t\t<div class=\"elementor-widget-container\">\n\t\t\t\t\t<h2 class=\"elementor-heading-title elementor-size-default\">Salzburgs best\u00e4ndigster Motorradclub<\/h2>\t\t\t\t<\/div>\n\t\t\t\t<\/div>\n\t\t\t\t<div class=\"elementor-element elementor-element-351b388 elementor-widget elementor-widget-text-editor\" data-id=\"351b388\" data-element_type=\"widget\" data-widget_type=\"text-editor.default\">\n\t\t\t\t<div class=\"elementor-widget-container\">\n\t\t\t\t\t\t\t\t\t<p>Der MC-Plainlinde wurde vor 43 Jahren gegr\u00fcndet. Und viele weitere Jahre aktiven Motorradfahrens werden folgen.<\/p><p>Manche haben es schon probiert, so richtig gelungen ist es aber nur den Burschen vom &#8222;MC-Plainlinde&#8220;: Einen aktiven Motorradclub in der Stadt Salzburg zu etablieren, der l\u00e4nger als ein Vierteljahrhundert besteht. Tats\u00e4chlich gibt es den &#8222;MC Plainlinde&#8220; bereits seit dem Fr\u00fchjahr 1982 und viele Gr\u00fcndungsmitglieder sind nach wie vor dabei.<\/p><p>Damals beschlo\u00df eine Handvoll junger M\u00e4nner, die gemeinsame Lust am Motorrad fahren auch f\u00fcr gesellschaftliche Akzente zu nutzen. Die Protagonisten, die sich zum Teil schon aus Sch\u00fclertagen kannten, wollten ein Motorradtreffen veranstalten. Dazu mu\u00dfte als Rechtstr\u00e4ger ein Verein gegr\u00fcndet werden. Der Einfachheit halber nannte man sich gleich nach dem Wirtshaus, in dem man ohnehin seit Jahren einen Stammtisch pflegte: nach dem Gasthaus &#8222;Zur Plainlinde&#8220; unterhalb der Basilika Maria Plain. Gleich daneben fand dann auch das geplante Motorradtreffen statt, der Erfolg war so durchschlagend, da\u00df noch zwei weitere folgten.<\/p><p>In der &#8222;Plainlinde&#8220; feierte man auch den ersten &#8222;Schr\u00e4glagenball&#8220;, dessen 20. Auflage im J\u00e4nner 2005 in der ARGE-Nonntal \u00fcber die B\u00fchne ging und der sein 25-Jahr-Jubil\u00e4um als gesellschaftlicher H\u00f6hepunkt des Salzburger Faschings 2011 im &#8222;Marc\u2018s&#8220; im Petersbrunnhof feierte.<\/p><p>Zur\u00fcck zur Entwicklung des Clubs. Aus dem Stammwirtshaus &#8222;Plainlinde&#8220; wurde erst eine Pizzeria und sp\u00e4ter ein hochgelobtes Haubenlokal. Also sahen sich die Mitglieder nach gastronomischen Alternativen um, in denen sich die monatlichen Clubabende abhalten lie\u00dfen. Dies war einige Jahre der &#8222;J\u00e4gerwirt&#8220; in Kasern, und dann das Gasthaus zum &#8222;Guten Hirten&#8220; in Itzling. Aktuell ist der MCP nun gewisserma\u00dfen an die Geburtsst\u00e4tte, das Gasthaus &#8222;Plainlinde&#8220; zur\u00fcckgekehrt, in dem an jedem ersten Freitag im Monat mehr oder weniger Wichtiges rund ums Motorrad besprochen wird.<\/p><p>An diesen Clubabenden werden auch die Aktionen ausgeheckt, f\u00fcr die der MC-Plainlinde bekannt ist. Dazu geh\u00f6ren etwa die regelm\u00e4\u00dfigen Monatsausfahrten w\u00e4hrend der Sommersaison, die stets \u00fcber ein Wochenende gehen und von drei ausgelosten Mitgliedern organisiert werden m\u00fcssen. Dazu geh\u00f6rt nat\u00fcrlich auch der monatelang dauernde Diskurs \u00fcber das Ziel des j\u00e4hrlichen einw\u00f6chigen Cluburlaubs.<\/p><p>Aber schlie\u00dflich kam man auf diese Weise dazu, per Motorrad halb Europa zu bereisen. Deutschland, Slowenien, Ungarn, Tschechien, Polen, Rum\u00e4nien, Litauen, Italien, Frankreich oder Spanien aber auch die Stra\u00dfen Gro\u00dfbritanniens wurden so schon unter die R\u00e4der genommen. Bei den monatlichen Wochenendausfahrten dominieren Ziele in \u00f6sterreich, denn erstens, so die Devise, gibt es in der Alpenrepublik noch viele unentdeckte sch\u00f6ne Flecken und zweitens soll das Geld im Lande bleiben.<\/p><p>Und obwohl die Gr\u00fcndungsmitglieder bzw. die Mitglieder der ersten Jahre gemeinsam ein paar J\u00e4hrchen \u00e4lter wurden, droht dem MC-Plainlinde keineswegs die \u00fcberalterung. Die Aufnahme von j\u00fcngeren Motorradfahrern sorgt immer wieder f\u00fcr frischen Wind und neue Ideen im Vereinsleben.<\/p><p>43 Jahre MC-Plainlinde und kein Ende abzusehen. Damit hat sich der Verein seinen Platz als \u00e4ltester und best\u00e4ndigster Motorradclub Salzburgs gesichert. 43 Jahre Spa\u00df und Freizeitgestaltung also, in denen zum Gl\u00fcck nur wenige traurige Ereignisse zu verarbeiten waren.<\/p>\t\t\t\t\t\t\t\t<\/div>\n\t\t\t\t<\/div>\n\t\t\t\t\t<\/div>\n\t\t<\/div>\n\t\t\t\t\t<\/div>\n\t\t<\/section>\n\t\t\t\t<section class=\"elementor-section elementor-top-section elementor-element elementor-element-50ab1d0 elementor-section-height-min-height elementor-section-boxed elementor-section-height-default elementor-section-items-middle\" data-id=\"50ab1d0\" data-element_type=\"section\">\n\t\t\t\t\t\t<div class=\"elementor-container elementor-column-gap-default\">\n\t\t\t\t\t<div class=\"elementor-column elementor-col-100 elementor-top-column elementor-element elementor-element-3573b32\" data-id=\"3573b32\" data-element_type=\"column\">\n\t\t\t<div class=\"elementor-widget-wrap elementor-element-populated\">\n\t\t\t\t\t\t<section class=\"elementor-section elementor-inner-section elementor-element elementor-element-a359a81 elementor-section-boxed elementor-section-height-default elementor-section-height-default\" data-id=\"a359a81\" data-element_type=\"section\">\n\t\t\t\t\t\t<div class=\"elementor-container elementor-column-gap-default\">\n\t\t\t\t\t<div class=\"elementor-column elementor-col-100 elementor-inner-column elementor-element elementor-element-596245a\" data-id=\"596245a\" data-element_type=\"column\">\n\t\t\t<div class=\"elementor-widget-wrap elementor-element-populated\">\n\t\t\t\t\t\t<div class=\"elementor-element elementor-element-8fa909a elementor-widget elementor-widget-heading\" data-id=\"8fa909a\" data-element_type=\"widget\" data-widget_type=\"heading.default\">\n\t\t\t\t<div class=\"elementor-widget-container\">\n\t\t\t\t\t<h2 class=\"elementor-heading-title elementor-size-default\">News<\/h2>\t\t\t\t<\/div>\n\t\t\t\t<\/div>\n\t\t\t\t<div class=\"elementor-element elementor-element-aa2bf40 animated-slow elementor-invisible elementor-widget elementor-widget-text-editor\" data-id=\"aa2bf40\" data-element_type=\"widget\" data-settings=\"{&quot;_animation&quot;:&quot;fadeInRight&quot;}\" data-widget_type=\"text-editor.default\">\n\t\t\t\t<div class=\"elementor-widget-container\">\n\t\t\t\t\t\t\t\t\t<p><span style=\"font-size: medium;\"><b>User neues Mitglied<\/b><\/span><\/p>\t\t\t\t\t\t\t\t<\/div>\n\t\t\t\t<\/div>\n\t\t\t\t<div class=\"elementor-element elementor-element-6343fd2 elementor-align-center elementor-widget elementor-widget-button\" data-id=\"6343fd2\" data-element_type=\"widget\" data-widget_type=\"button.default\">\n\t\t\t\t<div class=\"elementor-widget-container\">\n\t\t\t\t\t\t\t\t\t<div class=\"elementor-button-wrapper\">\n\t\t\t\t\t<a class=\"elementor-button elementor-button-link elementor-size-sm\" href=\"https:\/\/www.mc-plainlinde.at\/?page_id=1892\">\n\t\t\t\t\t\t<span class=\"elementor-button-content-wrapper\">\n\t\t\t\t\t\t\t\t\t<span class=\"elementor-button-text\">Ryan Cowx<\/span>\n\t\t\t\t\t<\/span>\n\t\t\t\t\t<\/a>\n\t\t\t\t<\/div>\n\t\t\t\t\t\t\t\t<\/div>\n\t\t\t\t<\/div>\n\t\t\t\t\t<\/div>\n\t\t<\/div>\n\t\t\t\t\t<\/div>\n\t\t<\/section>\n\t\t\t\t\t<\/div>\n\t\t<\/div>\n\t\t\t\t\t<\/div>\n\t\t<\/section>\n\t\t\t\t<section class=\"elementor-section elementor-top-section elementor-element elementor-element-fdedca8 elementor-section-height-min-height animated-slow elementor-section-boxed elementor-section-height-default elementor-section-items-middle\" data-id=\"fdedca8\" data-element_type=\"section\" data-settings=\"{&quot;background_background&quot;:&quot;classic&quot;,&quot;shape_divider_top&quot;:&quot;triangle-asymmetrical&quot;,&quot;animation&quot;:&quot;none&quot;}\">\n\t\t\t\t\t<div class=\"elementor-shape elementor-shape-top\" aria-hidden=\"true\" data-negative=\"false\">\n\t\t\t<svg xmlns=\"http:\/\/www.w3.org\/2000\/svg\" viewBox=\"0 0 1000 100\" preserveAspectRatio=\"none\">\n\t<path class=\"elementor-shape-fill\" d=\"M738,99l262-93V0H0v5.6L738,99z\"\/>\n<\/svg>\t\t<\/div>\n\t\t\t\t\t<div class=\"elementor-container elementor-column-gap-default\">\n\t\t\t\t\t<div class=\"elementor-column elementor-col-100 elementor-top-column elementor-element elementor-element-1c66f4e\" data-id=\"1c66f4e\" data-element_type=\"column\">\n\t\t\t<div class=\"elementor-widget-wrap elementor-element-populated\">\n\t\t\t\t\t\t<div class=\"elementor-element elementor-element-77479c9 elementor-widget elementor-widget-heading\" data-id=\"77479c9\" data-element_type=\"widget\" data-widget_type=\"heading.default\">\n\t\t\t\t<div class=\"elementor-widget-container\">\n\t\t\t\t\t<h2 class=\"elementor-heading-title elementor-size-default\">Unsere Partner<\/h2>\t\t\t\t<\/div>\n\t\t\t\t<\/div>\n\t\t\t\t<section class=\"elementor-section elementor-inner-section elementor-element elementor-element-18a02b0 elementor-section-boxed elementor-section-height-default elementor-section-height-default\" data-id=\"18a02b0\" data-element_type=\"section\">\n\t\t\t\t\t\t<div class=\"elementor-container elementor-column-gap-default\">\n\t\t\t\t\t<div class=\"elementor-column elementor-col-33 elementor-inner-column elementor-element elementor-element-0f4b0ca\" data-id=\"0f4b0ca\" data-element_type=\"column\">\n\t\t\t<div class=\"elementor-widget-wrap elementor-element-populated\">\n\t\t\t\t\t\t<div class=\"elementor-element elementor-element-f7eefc5 elementor-widget elementor-widget-image\" data-id=\"f7eefc5\" data-element_type=\"widget\" data-widget_type=\"image.default\">\n\t\t\t\t<div class=\"elementor-widget-container\">\n\t\t\t\t\t\t\t\t\t\t\t\t\t\t\t\t<a href=\"https:\/\/www.ballkalender.cc\/ballkalender-salzburg.php\" target=\"_blank\">\n\t\t\t\t\t\t\t<img fetchpriority=\"high\" decoding=\"async\" width=\"649\" height=\"600\" src=\"https:\/\/www.mc-plainlinde.at\/wp-content\/uploads\/2025\/03\/Bildschirmfoto-2025-03-12-um-07.26.51-e1741776191855.png\" class=\"attachment-large size-large wp-image-161\" alt=\"\" srcset=\"https:\/\/www.mc-plainlinde.at\/wp-content\/uploads\/2025\/03\/Bildschirmfoto-2025-03-12-um-07.26.51-e1741776191855.png 649w, https:\/\/www.mc-plainlinde.at\/wp-content\/uploads\/2025\/03\/Bildschirmfoto-2025-03-12-um-07.26.51-e1741776191855-300x277.png 300w\" sizes=\"(max-width: 649px) 100vw, 649px\" \/>\t\t\t\t\t\t\t\t<\/a>\n\t\t\t\t\t\t\t\t\t\t\t\t\t\t\t<\/div>\n\t\t\t\t<\/div>\n\t\t\t\t\t<\/div>\n\t\t<\/div>\n\t\t\t\t<div class=\"elementor-column elementor-col-33 elementor-inner-column elementor-element elementor-element-43f139f\" data-id=\"43f139f\" data-element_type=\"column\">\n\t\t\t<div class=\"elementor-widget-wrap elementor-element-populated\">\n\t\t\t\t\t\t<div class=\"elementor-element elementor-element-f406df2 elementor-widget elementor-widget-image\" data-id=\"f406df2\" data-element_type=\"widget\" data-widget_type=\"image.default\">\n\t\t\t\t<div class=\"elementor-widget-container\">\n\t\t\t\t\t\t\t\t\t\t\t\t\t\t\t\t<a href=\"https:\/\/www.kalex.at\/\" target=\"_blank\">\n\t\t\t\t\t\t\t<img decoding=\"async\" width=\"800\" height=\"802\" src=\"https:\/\/www.mc-plainlinde.at\/wp-content\/uploads\/2025\/12\/KalexLogo-1022x1024.jpg\" class=\"attachment-large size-large wp-image-1811\" alt=\"\" srcset=\"https:\/\/www.mc-plainlinde.at\/wp-content\/uploads\/2025\/12\/KalexLogo-1022x1024.jpg 1022w, https:\/\/www.mc-plainlinde.at\/wp-content\/uploads\/2025\/12\/KalexLogo-300x300.jpg 300w, https:\/\/www.mc-plainlinde.at\/wp-content\/uploads\/2025\/12\/KalexLogo-150x150.jpg 150w, https:\/\/www.mc-plainlinde.at\/wp-content\/uploads\/2025\/12\/KalexLogo-768x770.jpg 768w, https:\/\/www.mc-plainlinde.at\/wp-content\/uploads\/2025\/12\/KalexLogo.jpg 1241w\" sizes=\"(max-width: 800px) 100vw, 800px\" \/>\t\t\t\t\t\t\t\t<\/a>\n\t\t\t\t\t\t\t\t\t\t\t\t\t\t\t<\/div>\n\t\t\t\t<\/div>\n\t\t\t\t\t<\/div>\n\t\t<\/div>\n\t\t\t\t<div class=\"elementor-column elementor-col-33 elementor-inner-column elementor-element elementor-element-c4bf3ae\" data-id=\"c4bf3ae\" data-element_type=\"column\">\n\t\t\t<div class=\"elementor-widget-wrap elementor-element-populated\">\n\t\t\t\t\t\t<div class=\"elementor-element elementor-element-8c212c6 elementor-widget elementor-widget-image\" data-id=\"8c212c6\" data-element_type=\"widget\" data-widget_type=\"image.default\">\n\t\t\t\t<div class=\"elementor-widget-container\">\n\t\t\t\t\t\t\t\t\t\t\t\t\t\t\t\t<a href=\"https:\/\/www.hdi.at\/\" target=\"_blank\">\n\t\t\t\t\t\t\t<img decoding=\"async\" width=\"800\" height=\"325\" src=\"https:\/\/www.mc-plainlinde.at\/wp-content\/uploads\/2025\/03\/HDI-Logo.svg_-1-1024x416.png\" class=\"attachment-large size-large wp-image-178\" alt=\"\" srcset=\"https:\/\/www.mc-plainlinde.at\/wp-content\/uploads\/2025\/03\/HDI-Logo.svg_-1-1024x416.png 1024w, https:\/\/www.mc-plainlinde.at\/wp-content\/uploads\/2025\/03\/HDI-Logo.svg_-1-300x122.png 300w, https:\/\/www.mc-plainlinde.at\/wp-content\/uploads\/2025\/03\/HDI-Logo.svg_-1-768x312.png 768w, https:\/\/www.mc-plainlinde.at\/wp-content\/uploads\/2025\/03\/HDI-Logo.svg_-1-1536x625.png 1536w, https:\/\/www.mc-plainlinde.at\/wp-content\/uploads\/2025\/03\/HDI-Logo.svg_-1-2048x833.png 2048w\" sizes=\"(max-width: 800px) 100vw, 800px\" \/>\t\t\t\t\t\t\t\t<\/a>\n\t\t\t\t\t\t\t\t\t\t\t\t\t\t\t<\/div>\n\t\t\t\t<\/div>\n\t\t\t\t\t<\/div>\n\t\t<\/div>\n\t\t\t\t\t<\/div>\n\t\t<\/section>\n\t\t\t\t\t<\/div>\n\t\t<\/div>\n\t\t\t\t\t<\/div>\n\t\t<\/section>\n\t\t\t\t<\/div>\n\t\t","protected":false},"excerpt":{"rendered":"<p>Salzburgs best\u00e4ndigster Motorradclub Der MC-Plainlinde wurde vor 43 Jahren gegr\u00fcndet. Und viele weitere Jahre aktiven Motorradfahrens werden folgen. Manche haben es schon probiert, so richtig gelungen ist es aber nur den Burschen vom &#8222;MC-Plainlinde&#8220;: Einen aktiven Motorradclub in der Stadt Salzburg zu etablieren, der l\u00e4nger als ein Vierteljahrhundert besteht. Tats\u00e4chlich gibt es den &#8222;MC Plainlinde&#8220; [&hellip;]<\/p>\n","protected":false},"author":1,"featured_media":0,"parent":0,"menu_order":0,"comment_status":"closed","ping_status":"closed","template":"","meta":{"footnotes":""},"class_list":["post-12","page","type-page","status-publish","hentry"],"_links":{"self":[{"href":"https:\/\/www.mc-plainlinde.at\/index.php?rest_route=\/wp\/v2\/pages\/12","targetHints":{"allow":["GET"]}}],"collection":[{"href":"https:\/\/www.mc-plainlinde.at\/index.php?rest_route=\/wp\/v2\/pages"}],"about":[{"href":"https:\/\/www.mc-plainlinde.at\/index.php?rest_route=\/wp\/v2\/types\/page"}],"author":[{"embeddable":true,"href":"https:\/\/www.mc-plainlinde.at\/index.php?rest_route=\/wp\/v2\/users\/1"}],"replies":[{"embeddable":true,"href":"https:\/\/www.mc-plainlinde.at\/index.php?rest_route=%2Fwp%2Fv2%2Fcomments&post=12"}],"version-history":[{"count":118,"href":"https:\/\/www.mc-plainlinde.at\/index.php?rest_route=\/wp\/v2\/pages\/12\/revisions"}],"predecessor-version":[{"id":1910,"href":"https:\/\/www.mc-plainlinde.at\/index.php?rest_route=\/wp\/v2\/pages\/12\/revisions\/1910"}],"wp:attachment":[{"href":"https:\/\/www.mc-plainlinde.at\/index.php?rest_route=%2Fwp%2Fv2%2Fmedia&parent=12"}],"curies":[{"name":"wp","href":"https:\/\/api.w.org\/{rel}","templated":true}]}}